{"id":219,"date":"2024-04-06T12:49:23","date_gmt":"2024-04-06T12:49:23","guid":{"rendered":"http:\/\/ploming-demo.local\/?page_id=219"},"modified":"2025-09-02T17:39:30","modified_gmt":"2025-09-02T17:39:30","slug":"tikaniklik-acma-hizmeti","status":"publish","type":"page","link":"http:\/\/www.barissihhitesisat.com\/index.php\/tikaniklik-acma-hizmeti\/","title":{"rendered":"T\u0131kan\u0131kl\u0131k A\u00e7ma Hizmeti"},"content":{"rendered":"\t\t<div data-elementor-type=\"wp-page\" data-elementor-id=\"219\" class=\"elementor elementor-219\" data-elementor-post-type=\"page\">\n\t\t\t\t<div class=\"elementor-element elementor-element-aeee096 e-flex e-con-boxed e-con e-parent\" data-id=\"aeee096\" data-element_type=\"container\" data-e-type=\"container\">\n\t\t\t\t\t<div class=\"e-con-inner\">\n\t\t<div class=\"elementor-element elementor-element-7d78204a e-con-full e-flex e-con e-child\" data-id=\"7d78204a\" data-element_type=\"container\" data-e-type=\"container\">\n\t\t\t\t<div class=\"elementor-element elementor-element-324950da elementor-widget elementor-widget-image\" data-id=\"324950da\" data-element_type=\"widget\" data-e-type=\"widget\" data-widget_type=\"image.default\">\n\t\t\t\t\t\t\t\t\t\t\t\t\t\t\t<img fetchpriority=\"high\" decoding=\"async\" width=\"770\" height=\"350\" src=\"http:\/\/www.barissihhitesisat.com\/wp-content\/uploads\/2024\/04\/service-d-1-6.jpg\" class=\"attachment-full size-full wp-image-2325\" alt=\"\" srcset=\"http:\/\/www.barissihhitesisat.com\/wp-content\/uploads\/2024\/04\/service-d-1-6.jpg 770w, http:\/\/www.barissihhitesisat.com\/wp-content\/uploads\/2024\/04\/service-d-1-6-570x259.jpg 570w, http:\/\/www.barissihhitesisat.com\/wp-content\/uploads\/2024\/04\/service-d-1-6-300x136.jpg 300w, http:\/\/www.barissihhitesisat.com\/wp-content\/uploads\/2024\/04\/service-d-1-6-768x349.jpg 768w\" sizes=\"(max-width: 770px) 100vw, 770px\" \/>\t\t\t\t\t\t\t\t\t\t\t\t\t\t\t<\/div>\n\t\t\t\t<div class=\"elementor-element elementor-element-1bdcd08e elementor-widget elementor-widget-heading\" data-id=\"1bdcd08e\" data-element_type=\"widget\" data-e-type=\"widget\" data-widget_type=\"heading.default\">\n\t\t\t\t\t<h3 class=\"elementor-heading-title elementor-size-default\">T\u0131kan\u0131kl\u0131k Sorunlar\u0131n\u0131zda H\u0131zl\u0131 ve Kal\u0131c\u0131 \u00c7\u00f6z\u00fcm!<\/h3>\t\t\t\t<\/div>\n\t\t\t\t<div class=\"elementor-element elementor-element-c338923 elementor-widget elementor-widget-text-editor\" data-id=\"c338923\" data-element_type=\"widget\" data-e-type=\"widget\" data-widget_type=\"text-editor.default\">\n\t\t\t\t\t\t\t\t\t<p>Tuvalet, lavabo, mutfak gideri veya kanalizasyon hatt\u0131nda ya\u015fanan t\u0131kan\u0131kl\u0131klar, hem ya\u015fam konforunu d\u00fc\u015f\u00fcr\u00fcr hem de ciddi altyap\u0131 sorunlar\u0131na yol a\u00e7abilir.<br data-start=\"476\" data-end=\"479\" \/><strong data-start=\"479\" data-end=\"502\">Bar\u0131\u015f S\u0131hhi Tesisat<\/strong> olarak, \u00d6demi\u015f ba\u015fta olmak \u00fczere <strong data-start=\"536\" data-end=\"593\">Tire, Bay\u0131nd\u0131r, Kiraz, Beyda\u011f, Ku\u015fadas\u0131 ve \u00e7evresinde<\/strong> geli\u015fmi\u015f cihazlarla <strong data-start=\"614\" data-end=\"641\">t\u0131kan\u0131kl\u0131k a\u00e7ma hizmeti<\/strong> sunuyoruz.<\/p>\t\t\t\t\t\t\t\t<\/div>\n\t\t\t\t<div class=\"elementor-element elementor-element-1f3c4051 elementor-widget elementor-widget-heading\" data-id=\"1f3c4051\" data-element_type=\"widget\" data-e-type=\"widget\" data-widget_type=\"heading.default\">\n\t\t\t\t\t<h3 class=\"elementor-heading-title elementor-size-default\">Hangi T\u0131kan\u0131kl\u0131klar\u0131 A\u00e7\u0131yoruz?<\/h3>\t\t\t\t<\/div>\n\t\t\t\t<div class=\"elementor-element elementor-element-e95a741 elementor-widget elementor-widget-ploming-check-list\" data-id=\"e95a741\" data-element_type=\"widget\" data-e-type=\"widget\" data-widget_type=\"ploming-check-list.default\">\n\t\t\t\t<div class=\"elementor-widget-container\">\n\t\t\t\t\t    <!-- Certificate -->\r\n    <ul class=\"service-details__list wow fadeInUp\" data-wow-delay=\"00ms\" data-wow-duration=\"1500ms\">\r\n                    <li>\r\n                <span class=\"service-details__list__icon\">\r\n                    <i aria-hidden=\"true\" class=\"icon-check-box\"><\/i>                <\/span><!-- \/.service-details__list__icon -->\r\n                Tuvalet ve klozet t\u0131kan\u0131kl\u0131klar\u0131            <\/li>\r\n                    <li>\r\n                <span class=\"service-details__list__icon\">\r\n                    <i aria-hidden=\"true\" class=\"icon-check-box\"><\/i>                <\/span><!-- \/.service-details__list__icon -->\r\n                Lavabo ve mutfak gideri t\u0131kan\u0131kl\u0131klar\u0131            <\/li>\r\n                    <li>\r\n                <span class=\"service-details__list__icon\">\r\n                    <i aria-hidden=\"true\" class=\"icon-check-box\"><\/i>                <\/span><!-- \/.service-details__list__icon -->\r\n                Banyo ve du\u015f gideri t\u0131kan\u0131kl\u0131klar\u0131            <\/li>\r\n                    <li>\r\n                <span class=\"service-details__list__icon\">\r\n                    <i aria-hidden=\"true\" class=\"icon-check-box\"><\/i>                <\/span><!-- \/.service-details__list__icon -->\r\n                Kanalizasyon ve logar hatlar\u0131ndaki t\u0131kanmalar            <\/li>\r\n                    <li>\r\n                <span class=\"service-details__list__icon\">\r\n                    <i aria-hidden=\"true\" class=\"icon-check-box\"><\/i>                <\/span><!-- \/.service-details__list__icon -->\r\n                Ya\u011f tutucu ve pis su gideri sorunlar\u0131            <\/li>\r\n            <\/ul><!-- \/.service-details__list -->\r\n\t\t\t\t<\/div>\n\t\t\t\t<\/div>\n\t\t<div class=\"elementor-element elementor-element-4db396e1 e-con-full e-flex e-con e-child\" data-id=\"4db396e1\" data-element_type=\"container\" data-e-type=\"container\">\n\t\t<div class=\"elementor-element elementor-element-4ac0d9f9 e-con-full e-flex e-con e-child\" data-id=\"4ac0d9f9\" data-element_type=\"container\" data-e-type=\"container\">\n\t\t\t\t<div class=\"elementor-element elementor-element-11ee085f elementor-widget elementor-widget-image\" data-id=\"11ee085f\" data-element_type=\"widget\" data-e-type=\"widget\" data-widget_type=\"image.default\">\n\t\t\t\t\t\t\t\t\t\t\t\t\t\t\t<img decoding=\"async\" width=\"770\" height=\"350\" src=\"http:\/\/www.barissihhitesisat.com\/wp-content\/uploads\/2024\/04\/service-d-1-2.jpg\" class=\"attachment-full size-full wp-image-1987\" alt=\"\" srcset=\"http:\/\/www.barissihhitesisat.com\/wp-content\/uploads\/2024\/04\/service-d-1-2.jpg 770w, http:\/\/www.barissihhitesisat.com\/wp-content\/uploads\/2024\/04\/service-d-1-2-570x259.jpg 570w, http:\/\/www.barissihhitesisat.com\/wp-content\/uploads\/2024\/04\/service-d-1-2-300x136.jpg 300w, http:\/\/www.barissihhitesisat.com\/wp-content\/uploads\/2024\/04\/service-d-1-2-768x349.jpg 768w\" sizes=\"(max-width: 770px) 100vw, 770px\" \/>\t\t\t\t\t\t\t\t\t\t\t\t\t\t\t<\/div>\n\t\t\t\t<\/div>\n\t\t<div class=\"elementor-element elementor-element-65760013 e-con-full e-flex e-con e-child\" data-id=\"65760013\" data-element_type=\"container\" data-e-type=\"container\">\n\t\t\t\t<div class=\"elementor-element elementor-element-6007b875 elementor-widget elementor-widget-image\" data-id=\"6007b875\" data-element_type=\"widget\" data-e-type=\"widget\" data-widget_type=\"image.default\">\n\t\t\t\t\t\t\t\t\t\t\t\t\t\t\t<img decoding=\"async\" width=\"770\" height=\"350\" src=\"http:\/\/www.barissihhitesisat.com\/wp-content\/uploads\/2024\/04\/service-d-1-3.jpg\" class=\"attachment-full size-full wp-image-1988\" alt=\"\" srcset=\"http:\/\/www.barissihhitesisat.com\/wp-content\/uploads\/2024\/04\/service-d-1-3.jpg 770w, http:\/\/www.barissihhitesisat.com\/wp-content\/uploads\/2024\/04\/service-d-1-3-570x259.jpg 570w, http:\/\/www.barissihhitesisat.com\/wp-content\/uploads\/2024\/04\/service-d-1-3-300x136.jpg 300w, http:\/\/www.barissihhitesisat.com\/wp-content\/uploads\/2024\/04\/service-d-1-3-768x349.jpg 768w\" sizes=\"(max-width: 770px) 100vw, 770px\" \/>\t\t\t\t\t\t\t\t\t\t\t\t\t\t\t<\/div>\n\t\t\t\t<\/div>\n\t\t\t\t<\/div>\n\t\t\t\t<div class=\"elementor-element elementor-element-1c24e6f elementor-widget elementor-widget-text-editor\" data-id=\"1c24e6f\" data-element_type=\"widget\" data-e-type=\"widget\" data-widget_type=\"text-editor.default\">\n\t\t\t\t\t\t\t\t\t<h3 data-start=\"914\" data-end=\"954\">Kameral\u0131 Sistemle K\u0131rmadan Tespit<\/h3><p data-start=\"956\" data-end=\"1166\">T\u0131kan\u0131kl\u0131\u011f\u0131n kayna\u011f\u0131n\u0131 tahmini olarak de\u011fil, <strong data-start=\"1001\" data-end=\"1041\">kameral\u0131 g\u00f6r\u00fcnt\u00fcleme sistemlerimizle<\/strong> net \u015fekilde tespit ediyoruz.<br data-start=\"1070\" data-end=\"1073\" \/>Bu sayede, gereksiz k\u0131rma\/d\u00f6kme i\u015flemlerine gerek kalmadan <strong data-start=\"1132\" data-end=\"1156\">nokta at\u0131\u015f\u0131 m\u00fcdahale<\/strong> ediyoruz.<\/p>\t\t\t\t\t\t\t\t<\/div>\n\t\t\t\t<div class=\"elementor-element elementor-element-1d2301b1 elementor-widget elementor-widget-ploming-faq\" data-id=\"1d2301b1\" data-element_type=\"widget\" data-e-type=\"widget\" data-widget_type=\"ploming-faq.default\">\n\t\t\t\t<div class=\"elementor-widget-container\">\n\t\t\t\t\t    <!-- Faq Four Start -->\r\n    <div class=\"service-details__faq\">\r\n                <div class=\"faq-accordion ploming-accordion\" data-grp-name=\"ploming-accordion\">\r\n                            <div class=\"accordion active wow fadeInUp\" data-wow-duration=\"1500ms\" data-wow-delay=\"00ms\">\r\n                    <div class=\"accordion-title\">\r\n                        <h4>\r\n                            Neden Bar\u0131\u015f S\u0131hhi Tesisat?                            <span class=\"accordion-title__icon\"><\/span><!-- \/.accordion-title__icon -->\r\n                        <\/h4>\r\n                    <\/div><!-- \/.accordion-title -->\r\n                    <div class=\"accordion-content\">\r\n                        <div class=\"inner\">\r\n                            <p>\u2714\ufe0f 25 Y\u0131ll\u0131k Tecr\u00fcbe\n\u2714\ufe0f Profesyonel Ekip ve Ekipman\n\u2714\ufe0f Kameral\u0131 Cihazlarla Tespit\n\u2714\ufe0f K\u0131rmadan, H\u0131zl\u0131 M\u00fcdahale\n\u2714\ufe0f Temiz, Garantili ve Uygun Fiyatl\u0131 Hizmet\n\u2714\ufe0f 7\/24 Acil Servis \u0130mkan\u0131<\/p>\r\n                        <\/div><!-- \/.inner -->\r\n                    <\/div><!-- \/.accordion-content -->\r\n                <\/div><!-- \/.accordion-item -->\r\n                            <div class=\"accordion  wow fadeInUp\" data-wow-duration=\"1500ms\" data-wow-delay=\"00ms\">\r\n                    <div class=\"accordion-title\">\r\n                        <h4>\r\n                            Hizmet B\u00f6lgelerimiz                            <span class=\"accordion-title__icon\"><\/span><!-- \/.accordion-title__icon -->\r\n                        <\/h4>\r\n                    <\/div><!-- \/.accordion-title -->\r\n                    <div class=\"accordion-content\">\r\n                        <div class=\"inner\">\r\n                            <p>\u00d6demi\u015f\n\nTire\n\nBay\u0131nd\u0131r\n\nKiraz\n\nBeyda\u011f\n\nKu\u015fadas\u0131 ve \u00e7evresi<\/p>\r\n                        <\/div><!-- \/.inner -->\r\n                    <\/div><!-- \/.accordion-content -->\r\n                <\/div><!-- \/.accordion-item -->\r\n                            <div class=\"accordion  wow fadeInUp\" data-wow-duration=\"1500ms\" data-wow-delay=\"00ms\">\r\n                    <div class=\"accordion-title\">\r\n                        <h4>\r\n                            Hemen Bizi Aray\u0131n, T\u0131kan\u0131kl\u0131\u011fa Son Verin!                            <span class=\"accordion-title__icon\"><\/span><!-- \/.accordion-title__icon -->\r\n                        <\/h4>\r\n                    <\/div><!-- \/.accordion-title -->\r\n                    <div class=\"accordion-content\">\r\n                        <div class=\"inner\">\r\n                            <p>T\u0131kan\u0131kl\u0131kla u\u011fra\u015fmak sizi yormas\u0131n. Bar\u0131\u015f S\u0131hhi Tesisat, bir telefon kadar yak\u0131n!\nT\u0131kan\u0131kl\u0131klar\u0131 profesyonelce a\u00e7\u0131yor, hayat\u0131n\u0131z\u0131 normale d\u00f6nd\u00fcr\u00fcyoruz.<\/p>\r\n                        <\/div><!-- \/.inner -->\r\n                    <\/div><!-- \/.accordion-content -->\r\n                <\/div><!-- \/.accordion-item -->\r\n                    <\/div><!-- \/.faq-accordion -->\r\n    <\/div><!-- \/.service-details__faq -->\r\n    <!-- Faq Four End -->\r\n\r\n\t\t\t\t<\/div>\n\t\t\t\t<\/div>\n\t\t\t\t<\/div>\n\t\t<div class=\"elementor-element elementor-element-4904f956 e-con-full service-sidebar e-flex e-con e-child\" data-id=\"4904f956\" data-element_type=\"container\" data-e-type=\"container\">\n\t\t\t\t<div class=\"elementor-element elementor-element-388b14f3 elementor-widget elementor-widget-sidebar-nav\" data-id=\"388b14f3\" data-element_type=\"widget\" data-e-type=\"widget\" data-widget_type=\"sidebar-nav.default\">\n\t\t\t\t<div class=\"elementor-widget-container\">\n\t\t\t\t\t\r\n    <div class=\"service-sidebar__single wow fadeInRight\" data-wow-duration=\"1500ms\" data-wow-delay=\"00ms\">\r\n                    <ul id=\"menu-service-sidebar-menu\" class=\"list-unstyled service-sidebar__nav ml-0\"><li id=\"menu-item-2029\" class=\"menu-item menu-item-type-post_type menu-item-object-page menu-item-2029\"><a href=\"http:\/\/www.barissihhitesisat.com\/index.php\/kanalizasyonacma\/\">Kanalizasyon A\u00e7ma<\/a><\/li>\n<li id=\"menu-item-2030\" class=\"menu-item menu-item-type-post_type menu-item-object-page menu-item-2030\"><a href=\"http:\/\/www.barissihhitesisat.com\/index.php\/beton-delme-hizmeti\/\">Beton Delme Hizmeti<\/a><\/li>\n<li id=\"menu-item-2031\" class=\"menu-item menu-item-type-post_type menu-item-object-page menu-item-2031\"><a href=\"http:\/\/www.barissihhitesisat.com\/index.php\/tikaniklik-acma-hizmeti\/\">T\u0131kan\u0131kl\u0131k A\u00e7ma Hizmeti<\/a><\/li>\n<li id=\"menu-item-2033\" class=\"menu-item menu-item-type-post_type menu-item-object-page menu-item-2033\"><a href=\"http:\/\/www.barissihhitesisat.com\/index.php\/kamerali-ariza-tespiti\/\">Kameral\u0131 Ar\u0131za Tespiti<\/a><\/li>\n<li id=\"menu-item-2028\" class=\"menu-item menu-item-type-post_type menu-item-object-page menu-item-2028\"><a href=\"http:\/\/www.barissihhitesisat.com\/index.php\/petek-temizleme\/\">Petek Temizleme<\/a><\/li>\n<\/ul>            <\/div><!-- \/.service-sidebar__single -->\r\n\r\n\t\t\t\t<\/div>\n\t\t\t\t<\/div>\n\t\t\t\t<div class=\"elementor-element elementor-element-9771f2a elementor-widget elementor-widget-ploming-sidebar-call-to-action\" data-id=\"9771f2a\" data-element_type=\"widget\" data-e-type=\"widget\" data-widget_type=\"ploming-sidebar-call-to-action.default\">\n\t\t\t\t<div class=\"elementor-widget-container\">\n\t\t\t\t\t\r\n    <div class=\"service-sidebar__contact\" style=\"background-image: url(http:\/\/www.barissihhitesisat.com\/wp-content\/uploads\/2024\/04\/service-contact-bg-1.jpg);\">\r\n        <div class=\"service-sidebar__contact__content\">\r\n            <div class=\"service-sidebar__contact__icon\">\r\n                <i aria-hidden=\"true\" class=\"icon-telephone\"><\/i>            <\/div><!-- \/.service-sidebar__contact__icon -->\r\n            <h3 class=\"service-sidebar__contact__time\">ALO BARI\u015e<\/h3><h3 class=\"service-sidebar__contact__number\"><a href=\"tel:+905535784761\">05535784761<\/a><\/h3>        <\/div><!-- \/.service-sidebar__contact__content -->\r\n    <\/div><!-- \/.service-sidebar__contact -->\r\n\t\t\t\t<\/div>\n\t\t\t\t<\/div>\n\t\t\t\t<div class=\"elementor-element elementor-element-4afbdaa elementor-widget elementor-widget-sidebar-download\" data-id=\"4afbdaa\" data-element_type=\"widget\" data-e-type=\"widget\" data-widget_type=\"sidebar-download.default\">\n\t\t\t\t<div class=\"elementor-widget-container\">\n\t\t\t\t\t    <div class=\"service-sidebar__single wow fadeInRight\" data-wow-duration=\"1500ms\" data-wow-delay=\"100ms\">\r\n                    <div class=\"service-sidebar__company\">\r\n                <a href=\"http:\/\/www.barissihhitesisat.com\/\" class=\"service-sidebar__company__btn\">\r\n                    <i aria-hidden=\"true\" class=\"icon-download\"><\/i>                <\/a><!-- \/.service-sidebar__company__btn -->\r\n                <h4 class=\"service-sidebar__company__title\">\r\n                    Kampanyalar\u0131m\u0131z                <\/h4><!-- \/.service-sidebar__company__title -->\r\n            <\/div><!-- \/.service-sidebar__company -->\r\n                    <div class=\"service-sidebar__company\">\r\n                <a href=\"http:\/\/www.barissihhitesisat.com\" class=\"service-sidebar__company__btn\">\r\n                    <i aria-hidden=\"true\" class=\"icon-download\"><\/i>                <\/a><!-- \/.service-sidebar__company__btn -->\r\n                <h4 class=\"service-sidebar__company__title\">\r\n                    El Bro\u015f\u00fcr\u00fc                <\/h4><!-- \/.service-sidebar__company__title -->\r\n            <\/div><!-- \/.service-sidebar__company -->\r\n            <\/div><!-- \/.service-sidebar__single -->\r\n\t\t\t\t<\/div>\n\t\t\t\t<\/div>\n\t\t\t\t<\/div>\n\t\t\t\t\t<\/div>\n\t\t\t\t<\/div>\n\t\t\t\t<\/div>\n\t\t","protected":false},"excerpt":{"rendered":"<p>T\u0131kan\u0131kl\u0131k Sorunlar\u0131n\u0131zda H\u0131zl\u0131 ve Kal\u0131c\u0131 \u00c7\u00f6z\u00fcm! Tuvalet, lavabo, mutfak gideri veya kanalizasyon hatt\u0131nda ya\u015fanan t\u0131kan\u0131kl\u0131klar, hem ya\u015fam konforunu d\u00fc\u015f\u00fcr\u00fcr hem de ciddi altyap\u0131 sorunlar\u0131na yol a\u00e7abilir.Bar\u0131\u015f S\u0131hhi Tesisat olarak, \u00d6demi\u015f ba\u015fta olmak \u00fczere Tire, Bay\u0131nd\u0131r, Kiraz, Beyda\u011f, Ku\u015fadas\u0131 ve \u00e7evresinde geli\u015fmi\u015f cihazlarla t\u0131kan\u0131kl\u0131k a\u00e7ma hizmeti sunuyoruz. Hangi T\u0131kan\u0131kl\u0131klar\u0131 A\u00e7\u0131yoruz? Tuvalet ve klozet t\u0131kan\u0131kl\u0131klar\u0131 Lavabo ve [&hellip;]<\/p>\n","protected":false},"author":1,"featured_media":0,"parent":0,"menu_order":0,"comment_status":"closed","ping_status":"closed","template":"elementor_header_footer","meta":{"footnotes":""},"class_list":["post-219","page","type-page","status-publish","hentry"],"_links":{"self":[{"href":"http:\/\/www.barissihhitesisat.com\/index.php\/wp-json\/wp\/v2\/pages\/219","targetHints":{"allow":["GET"]}}],"collection":[{"href":"http:\/\/www.barissihhitesisat.com\/index.php\/wp-json\/wp\/v2\/pages"}],"about":[{"href":"http:\/\/www.barissihhitesisat.com\/index.php\/wp-json\/wp\/v2\/types\/page"}],"author":[{"embeddable":true,"href":"http:\/\/www.barissihhitesisat.com\/index.php\/wp-json\/wp\/v2\/users\/1"}],"replies":[{"embeddable":true,"href":"http:\/\/www.barissihhitesisat.com\/index.php\/wp-json\/wp\/v2\/comments?post=219"}],"version-history":[{"count":6,"href":"http:\/\/www.barissihhitesisat.com\/index.php\/wp-json\/wp\/v2\/pages\/219\/revisions"}],"predecessor-version":[{"id":3926,"href":"http:\/\/www.barissihhitesisat.com\/index.php\/wp-json\/wp\/v2\/pages\/219\/revisions\/3926"}],"wp:attachment":[{"href":"http:\/\/www.barissihhitesisat.com\/index.php\/wp-json\/wp\/v2\/media?parent=219"}],"curies":[{"name":"wp","href":"https:\/\/api.w.org\/{rel}","templated":true}]}}