{"id":223,"date":"2024-04-06T12:50:47","date_gmt":"2024-04-06T12:50:47","guid":{"rendered":"http:\/\/ploming-demo.local\/?page_id=223"},"modified":"2025-09-02T16:19:56","modified_gmt":"2025-09-02T16:19:56","slug":"kanalizasyonacma","status":"publish","type":"page","link":"http:\/\/www.barissihhitesisat.com\/index.php\/kanalizasyonacma\/","title":{"rendered":"Kanalizasyon A\u00e7ma"},"content":{"rendered":"\t\t<div data-elementor-type=\"wp-page\" data-elementor-id=\"223\" class=\"elementor elementor-223\" data-elementor-post-type=\"page\">\n\t\t\t\t<div class=\"elementor-element elementor-element-57a3438 e-flex e-con-boxed e-con e-parent\" data-id=\"57a3438\" data-element_type=\"container\" data-e-type=\"container\">\n\t\t\t\t\t<div class=\"e-con-inner\">\n\t\t<div class=\"elementor-element elementor-element-e8a855b e-con-full e-flex e-con e-child\" data-id=\"e8a855b\" data-element_type=\"container\" data-e-type=\"container\">\n\t\t\t\t<div class=\"elementor-element elementor-element-5af55dc elementor-widget elementor-widget-image\" data-id=\"5af55dc\" data-element_type=\"widget\" data-e-type=\"widget\" data-widget_type=\"image.default\">\n\t\t\t\t\t\t\t\t\t\t\t\t\t\t\t<img fetchpriority=\"high\" decoding=\"async\" width=\"770\" height=\"350\" src=\"http:\/\/www.barissihhitesisat.com\/wp-content\/uploads\/2024\/04\/service-d-1-8.jpg\" class=\"attachment-full size-full wp-image-2327\" alt=\"\" srcset=\"http:\/\/www.barissihhitesisat.com\/wp-content\/uploads\/2024\/04\/service-d-1-8.jpg 770w, http:\/\/www.barissihhitesisat.com\/wp-content\/uploads\/2024\/04\/service-d-1-8-570x259.jpg 570w, http:\/\/www.barissihhitesisat.com\/wp-content\/uploads\/2024\/04\/service-d-1-8-300x136.jpg 300w, http:\/\/www.barissihhitesisat.com\/wp-content\/uploads\/2024\/04\/service-d-1-8-768x349.jpg 768w\" sizes=\"(max-width: 770px) 100vw, 770px\" \/>\t\t\t\t\t\t\t\t\t\t\t\t\t\t\t<\/div>\n\t\t\t\t<div class=\"elementor-element elementor-element-efe964b elementor-widget elementor-widget-heading\" data-id=\"efe964b\" data-element_type=\"widget\" data-e-type=\"widget\" data-widget_type=\"heading.default\">\n\t\t\t\t\t<h3 class=\"elementor-heading-title elementor-size-default\">Kanalizasyon A\u00e7ma Hizmeti<\/h3>\t\t\t\t<\/div>\n\t\t\t\t<div class=\"elementor-element elementor-element-6f585fb elementor-widget elementor-widget-text-editor\" data-id=\"6f585fb\" data-element_type=\"widget\" data-e-type=\"widget\" data-widget_type=\"text-editor.default\">\n\t\t\t\t\t\t\t\t\t<h3 data-start=\"403\" data-end=\"491\">\u00d6demi\u015f, Tire, Bay\u0131nd\u0131r, Kiraz, Beyda\u011f ve Ku\u015fadas\u0131\u2019nda Profesyonel Kanal A\u00e7ma Hizmeti<\/h3><p data-start=\"493\" data-end=\"767\">Kanalizasyon t\u0131kan\u0131kl\u0131klar\u0131, evinizde ya da i\u015f yerinizde hem hijyenik olmayan ko\u015fullara hem de k\u00f6t\u00fc kokulara ve su ta\u015fmalar\u0131na neden olabilir. <strong data-start=\"636\" data-end=\"659\">Bar\u0131\u015f S\u0131hhi Tesisat<\/strong> olarak 25 y\u0131ll\u0131k deneyimimiz ve geli\u015fmi\u015f ekipmanlar\u0131m\u0131zla, t\u0131kan\u0131kl\u0131klar\u0131 h\u0131zl\u0131 ve kal\u0131c\u0131 \u015fekilde a\u00e7\u0131yoruz.<\/p>\t\t\t\t\t\t\t\t<\/div>\n\t\t\t\t<div class=\"elementor-element elementor-element-3081fba elementor-widget elementor-widget-heading\" data-id=\"3081fba\" data-element_type=\"widget\" data-e-type=\"widget\" data-widget_type=\"heading.default\">\n\t\t\t\t\t<h3 class=\"elementor-heading-title elementor-size-default\">Hangi Durumlarda Kanal A\u00e7ma Hizmeti Almal\u0131s\u0131n\u0131z?<\/h3>\t\t\t\t<\/div>\n\t\t\t\t<div class=\"elementor-element elementor-element-4c9e5e3 elementor-widget elementor-widget-ploming-check-list\" data-id=\"4c9e5e3\" data-element_type=\"widget\" data-e-type=\"widget\" data-widget_type=\"ploming-check-list.default\">\n\t\t\t\t<div class=\"elementor-widget-container\">\n\t\t\t\t\t    <!-- Certificate -->\r\n    <ul class=\"service-details__list wow fadeInUp\" data-wow-delay=\"00ms\" data-wow-duration=\"1500ms\">\r\n                    <li>\r\n                <span class=\"service-details__list__icon\">\r\n                    <i aria-hidden=\"true\" class=\"icon-check-box\"><\/i>                <\/span><!-- \/.service-details__list__icon -->\r\n                Tuvalet giderlerinden su geri ta\u015f\u0131yorsa            <\/li>\r\n                    <li>\r\n                <span class=\"service-details__list__icon\">\r\n                    <i aria-hidden=\"true\" class=\"icon-check-box\"><\/i>                <\/span><!-- \/.service-details__list__icon -->\r\n                Banyo ve mutfaklarda k\u00f6t\u00fc koku varsa            <\/li>\r\n                    <li>\r\n                <span class=\"service-details__list__icon\">\r\n                    <i aria-hidden=\"true\" class=\"icon-check-box\"><\/i>                <\/span><!-- \/.service-details__list__icon -->\r\n                Giderden su yava\u015f ak\u0131yorsa veya hi\u00e7 akm\u0131yorsa            <\/li>\r\n                    <li>\r\n                <span class=\"service-details__list__icon\">\r\n                    <i aria-hidden=\"true\" class=\"icon-check-box\"><\/i>                <\/span><!-- \/.service-details__list__icon -->\r\n                Bah\u00e7ede veya logarda ta\u015fma meydana gelmi\u015fse            <\/li>\r\n            <\/ul><!-- \/.service-details__list -->\r\n\t\t\t\t<\/div>\n\t\t\t\t<\/div>\n\t\t<div class=\"elementor-element elementor-element-5d0f84e e-con-full e-flex e-con e-child\" data-id=\"5d0f84e\" data-element_type=\"container\" data-e-type=\"container\">\n\t\t<div class=\"elementor-element elementor-element-698ee2f e-con-full e-flex e-con e-child\" data-id=\"698ee2f\" data-element_type=\"container\" data-e-type=\"container\">\n\t\t\t\t<div class=\"elementor-element elementor-element-e1df13a elementor-widget elementor-widget-image\" data-id=\"e1df13a\" data-element_type=\"widget\" data-e-type=\"widget\" data-widget_type=\"image.default\">\n\t\t\t\t\t\t\t\t\t\t\t\t\t\t\t<img decoding=\"async\" width=\"770\" height=\"350\" src=\"http:\/\/www.barissihhitesisat.com\/wp-content\/uploads\/2024\/04\/service-d-1-2.jpg\" class=\"attachment-full size-full wp-image-1987\" alt=\"\" srcset=\"http:\/\/www.barissihhitesisat.com\/wp-content\/uploads\/2024\/04\/service-d-1-2.jpg 770w, http:\/\/www.barissihhitesisat.com\/wp-content\/uploads\/2024\/04\/service-d-1-2-570x259.jpg 570w, http:\/\/www.barissihhitesisat.com\/wp-content\/uploads\/2024\/04\/service-d-1-2-300x136.jpg 300w, http:\/\/www.barissihhitesisat.com\/wp-content\/uploads\/2024\/04\/service-d-1-2-768x349.jpg 768w\" sizes=\"(max-width: 770px) 100vw, 770px\" \/>\t\t\t\t\t\t\t\t\t\t\t\t\t\t\t<\/div>\n\t\t\t\t<\/div>\n\t\t<div class=\"elementor-element elementor-element-d8901aa e-con-full e-flex e-con e-child\" data-id=\"d8901aa\" data-element_type=\"container\" data-e-type=\"container\">\n\t\t\t\t<div class=\"elementor-element elementor-element-0922f06 elementor-widget elementor-widget-image\" data-id=\"0922f06\" data-element_type=\"widget\" data-e-type=\"widget\" data-widget_type=\"image.default\">\n\t\t\t\t\t\t\t\t\t\t\t\t\t\t\t<img decoding=\"async\" width=\"770\" height=\"350\" src=\"http:\/\/www.barissihhitesisat.com\/wp-content\/uploads\/2024\/04\/service-d-1-3.jpg\" class=\"attachment-full size-full wp-image-1988\" alt=\"\" srcset=\"http:\/\/www.barissihhitesisat.com\/wp-content\/uploads\/2024\/04\/service-d-1-3.jpg 770w, http:\/\/www.barissihhitesisat.com\/wp-content\/uploads\/2024\/04\/service-d-1-3-570x259.jpg 570w, http:\/\/www.barissihhitesisat.com\/wp-content\/uploads\/2024\/04\/service-d-1-3-300x136.jpg 300w, http:\/\/www.barissihhitesisat.com\/wp-content\/uploads\/2024\/04\/service-d-1-3-768x349.jpg 768w\" sizes=\"(max-width: 770px) 100vw, 770px\" \/>\t\t\t\t\t\t\t\t\t\t\t\t\t\t\t<\/div>\n\t\t\t\t<\/div>\n\t\t\t\t<\/div>\n\t\t\t\t<div class=\"elementor-element elementor-element-9840109 elementor-widget elementor-widget-text-editor\" data-id=\"9840109\" data-element_type=\"widget\" data-e-type=\"widget\" data-widget_type=\"text-editor.default\">\n\t\t\t\t\t\t\t\t\t<p data-start=\"1514\" data-end=\"1724\">\u00a0<\/p><h3 data-start=\"1172\" data-end=\"1217\">Kameral\u0131 Cihazlarla Nokta At\u0131\u015f\u0131 Tespit<\/h3><p data-start=\"1219\" data-end=\"1468\">Bar\u0131\u015f S\u0131hhi Tesisat olarak, t\u0131kan\u0131kl\u0131\u011f\u0131n yerini tahmine dayal\u0131 de\u011fil, <strong data-start=\"1289\" data-end=\"1327\">kameral\u0131 g\u00f6r\u00fcnt\u00fcleme sistemleriyle<\/strong> net \u015fekilde belirliyoruz. B\u00f6ylece duvarlar\u0131 veya zemini k\u0131rmadan, do\u011frudan sorunun kayna\u011f\u0131na ula\u015f\u0131p, h\u0131zl\u0131 ve etkili m\u00fcdahalede bulunuyoruz.<br \/><br \/><br \/><\/p><h3 data-start=\"1475\" data-end=\"1512\">Neden Bizi Tercih Etmelisiniz?<\/h3><p data-start=\"1514\" data-end=\"1724\">\u2705 25 Y\u0131ll\u0131k Tecr\u00fcbe<br data-start=\"1533\" data-end=\"1536\" \/>\u2705 Kameral\u0131 Ar\u0131za Tespiti<br data-start=\"1560\" data-end=\"1563\" \/>\u2705 K\u0131rmadan T\u0131kan\u0131kl\u0131k A\u00e7ma<br data-start=\"1589\" data-end=\"1592\" \/>\u2705 Uygun Fiyat, Garantili \u0130\u015f\u00e7ilik<br data-start=\"1624\" data-end=\"1627\" \/>\u2705 7\/24 Acil M\u00fcdahale \u0130mkan\u0131<\/p>\t\t\t\t\t\t\t\t<\/div>\n\t\t\t\t<\/div>\n\t\t<div class=\"elementor-element elementor-element-e6f6abc e-con-full service-sidebar e-flex e-con e-child\" data-id=\"e6f6abc\" data-element_type=\"container\" data-e-type=\"container\">\n\t\t\t\t<div class=\"elementor-element elementor-element-e56c293 elementor-widget elementor-widget-sidebar-nav\" data-id=\"e56c293\" data-element_type=\"widget\" data-e-type=\"widget\" data-widget_type=\"sidebar-nav.default\">\n\t\t\t\t<div class=\"elementor-widget-container\">\n\t\t\t\t\t\r\n    <div class=\"service-sidebar__single wow fadeInRight\" data-wow-duration=\"1500ms\" data-wow-delay=\"00ms\">\r\n                    <ul id=\"menu-service-sidebar-menu\" class=\"list-unstyled service-sidebar__nav ml-0\"><li id=\"menu-item-2029\" class=\"menu-item menu-item-type-post_type menu-item-object-page menu-item-2029\"><a href=\"http:\/\/www.barissihhitesisat.com\/index.php\/kanalizasyonacma\/\">Kanalizasyon A\u00e7ma<\/a><\/li>\n<li id=\"menu-item-2030\" class=\"menu-item menu-item-type-post_type menu-item-object-page menu-item-2030\"><a href=\"http:\/\/www.barissihhitesisat.com\/index.php\/beton-delme-hizmeti\/\">Beton Delme Hizmeti<\/a><\/li>\n<li id=\"menu-item-2031\" class=\"menu-item menu-item-type-post_type menu-item-object-page menu-item-2031\"><a href=\"http:\/\/www.barissihhitesisat.com\/index.php\/tikaniklik-acma-hizmeti\/\">T\u0131kan\u0131kl\u0131k A\u00e7ma Hizmeti<\/a><\/li>\n<li id=\"menu-item-2033\" class=\"menu-item menu-item-type-post_type menu-item-object-page menu-item-2033\"><a href=\"http:\/\/www.barissihhitesisat.com\/index.php\/kamerali-ariza-tespiti\/\">Kameral\u0131 Ar\u0131za Tespiti<\/a><\/li>\n<li id=\"menu-item-2028\" class=\"menu-item menu-item-type-post_type menu-item-object-page menu-item-2028\"><a href=\"http:\/\/www.barissihhitesisat.com\/index.php\/petek-temizleme\/\">Petek Temizleme<\/a><\/li>\n<\/ul>            <\/div><!-- \/.service-sidebar__single -->\r\n\r\n\t\t\t\t<\/div>\n\t\t\t\t<\/div>\n\t\t\t\t<div class=\"elementor-element elementor-element-ab4a835 elementor-widget elementor-widget-ploming-sidebar-call-to-action\" data-id=\"ab4a835\" data-element_type=\"widget\" data-e-type=\"widget\" data-widget_type=\"ploming-sidebar-call-to-action.default\">\n\t\t\t\t<div class=\"elementor-widget-container\">\n\t\t\t\t\t\r\n    <div class=\"service-sidebar__contact\" style=\"background-image: url(http:\/\/www.barissihhitesisat.com\/wp-content\/uploads\/2024\/04\/service-contact-bg-1.jpg);\">\r\n        <div class=\"service-sidebar__contact__content\">\r\n            <div class=\"service-sidebar__contact__icon\">\r\n                <i aria-hidden=\"true\" class=\"icon-telephone\"><\/i>            <\/div><!-- \/.service-sidebar__contact__icon -->\r\n            <h3 class=\"service-sidebar__contact__time\">ALO BARI\u015e<\/h3><h3 class=\"service-sidebar__contact__number\"><a href=\"tel:+905535784761\">05535784761<\/a><\/h3>        <\/div><!-- \/.service-sidebar__contact__content -->\r\n    <\/div><!-- \/.service-sidebar__contact -->\r\n\t\t\t\t<\/div>\n\t\t\t\t<\/div>\n\t\t\t\t<div class=\"elementor-element elementor-element-ce56330 elementor-widget elementor-widget-sidebar-download\" data-id=\"ce56330\" data-element_type=\"widget\" data-e-type=\"widget\" data-widget_type=\"sidebar-download.default\">\n\t\t\t\t<div class=\"elementor-widget-container\">\n\t\t\t\t\t    <div class=\"service-sidebar__single wow fadeInRight\" data-wow-duration=\"1500ms\" data-wow-delay=\"100ms\">\r\n                    <div class=\"service-sidebar__company\">\r\n                <a href=\"http:\/\/www.barissihhitesisat.com\/\" class=\"service-sidebar__company__btn\">\r\n                    <i aria-hidden=\"true\" class=\"icon-download\"><\/i>                <\/a><!-- \/.service-sidebar__company__btn -->\r\n                <h4 class=\"service-sidebar__company__title\">\r\n                    Kampanyalar\u0131m\u0131z                <\/h4><!-- \/.service-sidebar__company__title -->\r\n            <\/div><!-- \/.service-sidebar__company -->\r\n                    <div class=\"service-sidebar__company\">\r\n                <a href=\"http:\/\/www.barissihhitesisat.com\" class=\"service-sidebar__company__btn\">\r\n                    <i aria-hidden=\"true\" class=\"icon-download\"><\/i>                <\/a><!-- \/.service-sidebar__company__btn -->\r\n                <h4 class=\"service-sidebar__company__title\">\r\n                    El Bro\u015f\u00fcr\u00fc                <\/h4><!-- \/.service-sidebar__company__title -->\r\n            <\/div><!-- \/.service-sidebar__company -->\r\n            <\/div><!-- \/.service-sidebar__single -->\r\n\t\t\t\t<\/div>\n\t\t\t\t<\/div>\n\t\t\t\t<\/div>\n\t\t\t\t\t<\/div>\n\t\t\t\t<\/div>\n\t\t\t\t<\/div>\n\t\t","protected":false},"excerpt":{"rendered":"<p>Kanalizasyon A\u00e7ma Hizmeti \u00d6demi\u015f, Tire, Bay\u0131nd\u0131r, Kiraz, Beyda\u011f ve Ku\u015fadas\u0131\u2019nda Profesyonel Kanal A\u00e7ma Hizmeti Kanalizasyon t\u0131kan\u0131kl\u0131klar\u0131, evinizde ya da i\u015f yerinizde hem hijyenik olmayan ko\u015fullara hem de k\u00f6t\u00fc kokulara ve su ta\u015fmalar\u0131na neden olabilir. Bar\u0131\u015f S\u0131hhi Tesisat olarak 25 y\u0131ll\u0131k deneyimimiz ve geli\u015fmi\u015f ekipmanlar\u0131m\u0131zla, t\u0131kan\u0131kl\u0131klar\u0131 h\u0131zl\u0131 ve kal\u0131c\u0131 \u015fekilde a\u00e7\u0131yoruz. Hangi Durumlarda Kanal A\u00e7ma Hizmeti [&hellip;]<\/p>\n","protected":false},"author":1,"featured_media":0,"parent":0,"menu_order":0,"comment_status":"closed","ping_status":"closed","template":"elementor_header_footer","meta":{"footnotes":""},"class_list":["post-223","page","type-page","status-publish","hentry"],"_links":{"self":[{"href":"http:\/\/www.barissihhitesisat.com\/index.php\/wp-json\/wp\/v2\/pages\/223","targetHints":{"allow":["GET"]}}],"collection":[{"href":"http:\/\/www.barissihhitesisat.com\/index.php\/wp-json\/wp\/v2\/pages"}],"about":[{"href":"http:\/\/www.barissihhitesisat.com\/index.php\/wp-json\/wp\/v2\/types\/page"}],"author":[{"embeddable":true,"href":"http:\/\/www.barissihhitesisat.com\/index.php\/wp-json\/wp\/v2\/users\/1"}],"replies":[{"embeddable":true,"href":"http:\/\/www.barissihhitesisat.com\/index.php\/wp-json\/wp\/v2\/comments?post=223"}],"version-history":[{"count":12,"href":"http:\/\/www.barissihhitesisat.com\/index.php\/wp-json\/wp\/v2\/pages\/223\/revisions"}],"predecessor-version":[{"id":3905,"href":"http:\/\/www.barissihhitesisat.com\/index.php\/wp-json\/wp\/v2\/pages\/223\/revisions\/3905"}],"wp:attachment":[{"href":"http:\/\/www.barissihhitesisat.com\/index.php\/wp-json\/wp\/v2\/media?parent=223"}],"curies":[{"name":"wp","href":"https:\/\/api.w.org\/{rel}","templated":true}]}}