{"id":215,"date":"2024-04-06T12:47:38","date_gmt":"2024-04-06T12:47:38","guid":{"rendered":"http:\/\/ploming-demo.local\/?page_id=215"},"modified":"2025-09-02T19:19:46","modified_gmt":"2025-09-02T19:19:46","slug":"petek-temizleme","status":"publish","type":"page","link":"https:\/\/www.barissihhitesisat.com\/index.php\/petek-temizleme\/","title":{"rendered":"Petek Temizleme"},"content":{"rendered":"\t\t<div data-elementor-type=\"wp-page\" data-elementor-id=\"215\" class=\"elementor elementor-215\" data-elementor-post-type=\"page\">\n\t\t\t\t<div class=\"elementor-element elementor-element-b4d67cc e-flex e-con-boxed e-con e-parent\" data-id=\"b4d67cc\" data-element_type=\"container\" data-e-type=\"container\">\n\t\t\t\t\t<div class=\"e-con-inner\">\n\t\t<div class=\"elementor-element elementor-element-82d919c e-con-full e-flex e-con e-child\" data-id=\"82d919c\" data-element_type=\"container\" data-e-type=\"container\">\n\t\t\t\t<div class=\"elementor-element elementor-element-401e48e elementor-widget elementor-widget-image\" data-id=\"401e48e\" data-element_type=\"widget\" data-e-type=\"widget\" data-widget_type=\"image.default\">\n\t\t\t\t\t\t\t\t\t\t\t\t\t\t\t<img fetchpriority=\"high\" decoding=\"async\" width=\"770\" height=\"350\" src=\"https:\/\/www.barissihhitesisat.com\/wp-content\/uploads\/2024\/04\/service-d-1-4.jpg\" class=\"attachment-full size-full wp-image-2323\" alt=\"\" srcset=\"https:\/\/www.barissihhitesisat.com\/wp-content\/uploads\/2024\/04\/service-d-1-4.jpg 770w, https:\/\/www.barissihhitesisat.com\/wp-content\/uploads\/2024\/04\/service-d-1-4-570x259.jpg 570w, https:\/\/www.barissihhitesisat.com\/wp-content\/uploads\/2024\/04\/service-d-1-4-300x136.jpg 300w, https:\/\/www.barissihhitesisat.com\/wp-content\/uploads\/2024\/04\/service-d-1-4-768x349.jpg 768w\" sizes=\"(max-width: 770px) 100vw, 770px\" \/>\t\t\t\t\t\t\t\t\t\t\t\t\t\t\t<\/div>\n\t\t\t\t<div class=\"elementor-element elementor-element-7b52657 elementor-widget elementor-widget-heading\" data-id=\"7b52657\" data-element_type=\"widget\" data-e-type=\"widget\" data-widget_type=\"heading.default\">\n\t\t\t\t\t<h3 class=\"elementor-heading-title elementor-size-default\">Daha Az Yak\u0131tla Daha Fazla Is\u0131nmak M\u00fcmk\u00fcn!<\/h3>\t\t\t\t<\/div>\n\t\t\t\t<div class=\"elementor-element elementor-element-776ad69 elementor-widget elementor-widget-text-editor\" data-id=\"776ad69\" data-element_type=\"widget\" data-e-type=\"widget\" data-widget_type=\"text-editor.default\">\n\t\t\t\t\t\t\t\t\t<p>Zamanla peteklerin i\u00e7inde biriken tortu, kire\u00e7 ve \u00e7amur benzeri maddeler; \u0131s\u0131nma performans\u0131n\u0131 d\u00fc\u015f\u00fcr\u00fcr, kombinizin daha fazla \u00e7al\u0131\u015fmas\u0131na ve <strong data-start=\"465\" data-end=\"497\">y\u00fcksek do\u011falgaz faturalar\u0131na<\/strong> neden olur.<br data-start=\"509\" data-end=\"512\" \/><strong data-start=\"512\" data-end=\"535\">Bar\u0131\u015f S\u0131hhi Tesisat<\/strong> olarak, geli\u015fmi\u015f makinelerle <strong data-start=\"565\" data-end=\"612\">kimyasall\u0131 veya kimyasals\u0131z petek temizli\u011fi<\/strong> yap\u0131yor, hem konforunuzu art\u0131r\u0131yor hem tasarruf etmenizi sa\u011fl\u0131yoruz.<\/p>\t\t\t\t\t\t\t\t<\/div>\n\t\t\t\t<div class=\"elementor-element elementor-element-ce76357 elementor-widget elementor-widget-heading\" data-id=\"ce76357\" data-element_type=\"widget\" data-e-type=\"widget\" data-widget_type=\"heading.default\">\n\t\t\t\t\t<h3 class=\"elementor-heading-title elementor-size-default\">Petek Temizli\u011fi Ne \u0130\u015fe Yarar?<\/h3>\t\t\t\t<\/div>\n\t\t\t\t<div class=\"elementor-element elementor-element-66a67de elementor-widget elementor-widget-ploming-check-list\" data-id=\"66a67de\" data-element_type=\"widget\" data-e-type=\"widget\" data-widget_type=\"ploming-check-list.default\">\n\t\t\t\t<div class=\"elementor-widget-container\">\n\t\t\t\t\t    <!-- Certificate -->\r\n    <ul class=\"service-details__list wow fadeInUp\" data-wow-delay=\"00ms\" data-wow-duration=\"1500ms\">\r\n                    <li>\r\n                <span class=\"service-details__list__icon\">\r\n                    <i aria-hidden=\"true\" class=\"icon-check-box\"><\/i>                <\/span><!-- \/.service-details__list__icon -->\r\n                Peteklerin \u00fcst\u00fc s\u0131cak, alt\u0131 so\u011fuk oluyorsa            <\/li>\r\n                    <li>\r\n                <span class=\"service-details__list__icon\">\r\n                    <i aria-hidden=\"true\" class=\"icon-check-box\"><\/i>                <\/span><!-- \/.service-details__list__icon -->\r\n                Kombi \u00e7al\u0131\u015fmas\u0131na ra\u011fmen odalar \u0131s\u0131nm\u0131yorsa            <\/li>\r\n                    <li>\r\n                <span class=\"service-details__list__icon\">\r\n                    <i aria-hidden=\"true\" class=\"icon-check-box\"><\/i>                <\/span><!-- \/.service-details__list__icon -->\r\n                Do\u011falgaz faturas\u0131 art\u0131p verim d\u00fc\u015f\u00fcyorsa            <\/li>\r\n                    <li>\r\n                <span class=\"service-details__list__icon\">\r\n                    <i aria-hidden=\"true\" class=\"icon-check-box\"><\/i>                <\/span><!-- \/.service-details__list__icon -->\r\n                Kombiniz s\u0131k s\u0131k \u00e7al\u0131\u015f\u0131p duruyorsa            <\/li>\r\n                    <li>\r\n                <span class=\"service-details__list__icon\">\r\n                    <i aria-hidden=\"true\" class=\"icon-check-box\"><\/i>                <\/span><!-- \/.service-details__list__icon -->\r\n                Y\u0131lda 1 kez yap\u0131lan temizlik, sistemin \u00f6mr\u00fcn\u00fc uzat\u0131r, enerji tasarrufu sa\u011flar.            <\/li>\r\n            <\/ul><!-- \/.service-details__list -->\r\n\t\t\t\t<\/div>\n\t\t\t\t<\/div>\n\t\t<div class=\"elementor-element elementor-element-ed9cbfa e-con-full e-flex e-con e-child\" data-id=\"ed9cbfa\" data-element_type=\"container\" data-e-type=\"container\">\n\t\t<div class=\"elementor-element elementor-element-e66676d e-con-full e-flex e-con e-child\" data-id=\"e66676d\" data-element_type=\"container\" data-e-type=\"container\">\n\t\t\t\t<div class=\"elementor-element elementor-element-b658e57 elementor-widget elementor-widget-image\" data-id=\"b658e57\" data-element_type=\"widget\" data-e-type=\"widget\" data-widget_type=\"image.default\">\n\t\t\t\t\t\t\t\t\t\t\t\t\t\t\t<img decoding=\"async\" width=\"770\" height=\"350\" src=\"https:\/\/www.barissihhitesisat.com\/wp-content\/uploads\/2024\/04\/service-d-1-2.jpg\" class=\"attachment-full size-full wp-image-1987\" alt=\"\" srcset=\"https:\/\/www.barissihhitesisat.com\/wp-content\/uploads\/2024\/04\/service-d-1-2.jpg 770w, https:\/\/www.barissihhitesisat.com\/wp-content\/uploads\/2024\/04\/service-d-1-2-570x259.jpg 570w, https:\/\/www.barissihhitesisat.com\/wp-content\/uploads\/2024\/04\/service-d-1-2-300x136.jpg 300w, https:\/\/www.barissihhitesisat.com\/wp-content\/uploads\/2024\/04\/service-d-1-2-768x349.jpg 768w\" sizes=\"(max-width: 770px) 100vw, 770px\" \/>\t\t\t\t\t\t\t\t\t\t\t\t\t\t\t<\/div>\n\t\t\t\t<\/div>\n\t\t<div class=\"elementor-element elementor-element-d3cbdb0 e-con-full e-flex e-con e-child\" data-id=\"d3cbdb0\" data-element_type=\"container\" data-e-type=\"container\">\n\t\t\t\t<div class=\"elementor-element elementor-element-029c1ec elementor-widget elementor-widget-image\" data-id=\"029c1ec\" data-element_type=\"widget\" data-e-type=\"widget\" data-widget_type=\"image.default\">\n\t\t\t\t\t\t\t\t\t\t\t\t\t\t\t<img decoding=\"async\" width=\"770\" height=\"350\" src=\"https:\/\/www.barissihhitesisat.com\/wp-content\/uploads\/2024\/04\/service-d-1-3.jpg\" class=\"attachment-full size-full wp-image-1988\" alt=\"\" srcset=\"https:\/\/www.barissihhitesisat.com\/wp-content\/uploads\/2024\/04\/service-d-1-3.jpg 770w, https:\/\/www.barissihhitesisat.com\/wp-content\/uploads\/2024\/04\/service-d-1-3-570x259.jpg 570w, https:\/\/www.barissihhitesisat.com\/wp-content\/uploads\/2024\/04\/service-d-1-3-300x136.jpg 300w, https:\/\/www.barissihhitesisat.com\/wp-content\/uploads\/2024\/04\/service-d-1-3-768x349.jpg 768w\" sizes=\"(max-width: 770px) 100vw, 770px\" \/>\t\t\t\t\t\t\t\t\t\t\t\t\t\t\t<\/div>\n\t\t\t\t<\/div>\n\t\t\t\t<\/div>\n\t\t\t\t<div class=\"elementor-element elementor-element-b1d2c4c elementor-widget elementor-widget-text-editor\" data-id=\"b1d2c4c\" data-element_type=\"widget\" data-e-type=\"widget\" data-widget_type=\"text-editor.default\">\n\t\t\t\t\t\t\t\t\t<p>Lorem ipsum is simply free text used by copytyping refreshing. Neque porro est qui dolorem ipsum quia quaed inventore veritatis et quasi architecto beatae vitae dicta sunt explicabo. Aelltes port lacus quis enim var sed efficitur turpis gilla sed sit amet finibus eros. Lorem Ipsum is simply dummy text of the printing and typesetting industry. Lorem Ipsum has been the ndustry standard dummy text ever since the 1500s, when an unknown printer took a galley. It has survived not only five centuries.<\/p>\t\t\t\t\t\t\t\t<\/div>\n\t\t\t\t<div class=\"elementor-element elementor-element-4f5b81f elementor-widget elementor-widget-ploming-faq\" data-id=\"4f5b81f\" data-element_type=\"widget\" data-e-type=\"widget\" data-widget_type=\"ploming-faq.default\">\n\t\t\t\t<div class=\"elementor-widget-container\">\n\t\t\t\t\t    <!-- Faq Four Start -->\r\n    <div class=\"service-details__faq\">\r\n                <div class=\"faq-accordion ploming-accordion\" data-grp-name=\"ploming-accordion\">\r\n                            <div class=\"accordion active wow fadeInUp\" data-wow-duration=\"1500ms\" data-wow-delay=\"00ms\">\r\n                    <div class=\"accordion-title\">\r\n                        <h4>\r\n                            Nas\u0131l Temizlik Yap\u0131yoruz?                            <span class=\"accordion-title__icon\"><\/span><!-- \/.accordion-title__icon -->\r\n                        <\/h4>\r\n                    <\/div><!-- \/.accordion-title -->\r\n                    <div class=\"accordion-content\">\r\n                        <div class=\"inner\">\r\n                            <p>Petekleri s\u00f6kmeden, \u00f6zel cihazlarla temizlik\n\nKombiye zarar vermeyen, tesisat dostu kimyasallar\n\nBas\u0131n\u00e7l\u0131 su ve vakumla t\u00fcm sistemin temizlenmesi\n\nSon kontrol ve test ile %100 verim sa\u011flanmas\u0131\n\n\u0130\u015flem s\u00fcresi: Ortalama 1\u20132 saat\nAyn\u0131 g\u00fcn servis imkan\u0131<\/p>\r\n                        <\/div><!-- \/.inner -->\r\n                    <\/div><!-- \/.accordion-content -->\r\n                <\/div><!-- \/.accordion-item -->\r\n                            <div class=\"accordion  wow fadeInUp\" data-wow-duration=\"1500ms\" data-wow-delay=\"00ms\">\r\n                    <div class=\"accordion-title\">\r\n                        <h4>\r\n                            Hizmet B\u00f6lgelerimiz                            <span class=\"accordion-title__icon\"><\/span><!-- \/.accordion-title__icon -->\r\n                        <\/h4>\r\n                    <\/div><!-- \/.accordion-title -->\r\n                    <div class=\"accordion-content\">\r\n                        <div class=\"inner\">\r\n                            <p>Petek temizli\u011fi hizmetimiz:\n\u00d6demi\u015f, Tire, Bay\u0131nd\u0131r, Kiraz, Beyda\u011f, Ku\u015fadas\u0131 ve \u00e7evresindeki t\u00fcm konut ve i\u015fyerlerinde ge\u00e7erlidir.<\/p>\r\n                        <\/div><!-- \/.inner -->\r\n                    <\/div><!-- \/.accordion-content -->\r\n                <\/div><!-- \/.accordion-item -->\r\n                            <div class=\"accordion  wow fadeInUp\" data-wow-duration=\"1500ms\" data-wow-delay=\"00ms\">\r\n                    <div class=\"accordion-title\">\r\n                        <h4>\r\n                            Neden Bar\u0131\u015f S\u0131hhi Tesisat?                            <span class=\"accordion-title__icon\"><\/span><!-- \/.accordion-title__icon -->\r\n                        <\/h4>\r\n                    <\/div><!-- \/.accordion-title -->\r\n                    <div class=\"accordion-content\">\r\n                        <div class=\"inner\">\r\n                            <p>\u2714\ufe0f 25 Y\u0131ll\u0131k Tecr\u00fcbe\n\u2714\ufe0f Profesyonel Temizlik Cihazlar\u0131\n\u2714\ufe0f Uygun Fiyat, H\u0131zl\u0131 Servis\n\u2714\ufe0f Kombi ve Tesisat G\u00fcvenli\u011fi\n\u2714\ufe0f 7\/24 Ula\u015f\u0131labilirlik<\/p>\r\n                        <\/div><!-- \/.inner -->\r\n                    <\/div><!-- \/.accordion-content -->\r\n                <\/div><!-- \/.accordion-item -->\r\n                            <div class=\"accordion  wow fadeInUp\" data-wow-duration=\"1500ms\" data-wow-delay=\"00ms\">\r\n                    <div class=\"accordion-title\">\r\n                        <h4>\r\n                            Hemen Randevu Al\u0131n!                            <span class=\"accordion-title__icon\"><\/span><!-- \/.accordion-title__icon -->\r\n                        <\/h4>\r\n                    <\/div><!-- \/.accordion-title -->\r\n                    <div class=\"accordion-content\">\r\n                        <div class=\"inner\">\r\n                            <p>Petekleriniz temizlensin, hem siz \u0131s\u0131n\u0131n hem cebiniz!\nBar\u0131\u015f S\u0131hhi Tesisat, s\u0131cakl\u0131k fark\u0131n\u0131 hissettiren hizmet sunar.<\/p>\r\n                        <\/div><!-- \/.inner -->\r\n                    <\/div><!-- \/.accordion-content -->\r\n                <\/div><!-- \/.accordion-item -->\r\n                    <\/div><!-- \/.faq-accordion -->\r\n    <\/div><!-- \/.service-details__faq -->\r\n    <!-- Faq Four End -->\r\n\r\n\t\t\t\t<\/div>\n\t\t\t\t<\/div>\n\t\t\t\t<\/div>\n\t\t<div class=\"elementor-element elementor-element-f49c3a1 e-con-full service-sidebar e-flex e-con e-child\" data-id=\"f49c3a1\" data-element_type=\"container\" data-e-type=\"container\">\n\t\t\t\t<div class=\"elementor-element elementor-element-5a486fc elementor-widget elementor-widget-sidebar-nav\" data-id=\"5a486fc\" data-element_type=\"widget\" data-e-type=\"widget\" data-widget_type=\"sidebar-nav.default\">\n\t\t\t\t<div class=\"elementor-widget-container\">\n\t\t\t\t\t\r\n    <div class=\"service-sidebar__single wow fadeInRight\" data-wow-duration=\"1500ms\" data-wow-delay=\"00ms\">\r\n                    <ul id=\"menu-service-sidebar-menu\" class=\"list-unstyled service-sidebar__nav ml-0\"><li id=\"menu-item-2029\" class=\"menu-item menu-item-type-post_type menu-item-object-page menu-item-2029\"><a href=\"https:\/\/www.barissihhitesisat.com\/index.php\/kanalizasyonacma\/\">Kanalizasyon A\u00e7ma<\/a><\/li>\n<li id=\"menu-item-2030\" class=\"menu-item menu-item-type-post_type menu-item-object-page menu-item-2030\"><a href=\"https:\/\/www.barissihhitesisat.com\/index.php\/beton-delme-hizmeti\/\">Beton Delme Hizmeti<\/a><\/li>\n<li id=\"menu-item-2031\" class=\"menu-item menu-item-type-post_type menu-item-object-page menu-item-2031\"><a href=\"https:\/\/www.barissihhitesisat.com\/index.php\/tikaniklik-acma-hizmeti\/\">T\u0131kan\u0131kl\u0131k A\u00e7ma Hizmeti<\/a><\/li>\n<li id=\"menu-item-2033\" class=\"menu-item menu-item-type-post_type menu-item-object-page menu-item-2033\"><a href=\"https:\/\/www.barissihhitesisat.com\/index.php\/kamerali-ariza-tespiti\/\">Kameral\u0131 Ar\u0131za Tespiti<\/a><\/li>\n<li id=\"menu-item-2028\" class=\"menu-item menu-item-type-post_type menu-item-object-page menu-item-2028\"><a href=\"https:\/\/www.barissihhitesisat.com\/index.php\/petek-temizleme\/\">Petek Temizleme<\/a><\/li>\n<\/ul>            <\/div><!-- \/.service-sidebar__single -->\r\n\r\n\t\t\t\t<\/div>\n\t\t\t\t<\/div>\n\t\t\t\t<div class=\"elementor-element elementor-element-26d2dc6 elementor-widget elementor-widget-ploming-sidebar-call-to-action\" data-id=\"26d2dc6\" data-element_type=\"widget\" data-e-type=\"widget\" data-widget_type=\"ploming-sidebar-call-to-action.default\">\n\t\t\t\t<div class=\"elementor-widget-container\">\n\t\t\t\t\t\r\n    <div class=\"service-sidebar__contact\" style=\"background-image: url(http:\/\/www.barissihhitesisat.com\/wp-content\/uploads\/2024\/04\/service-contact-bg-1.jpg);\">\r\n        <div class=\"service-sidebar__contact__content\">\r\n            <div class=\"service-sidebar__contact__icon\">\r\n                <i aria-hidden=\"true\" class=\"icon-telephone\"><\/i>            <\/div><!-- \/.service-sidebar__contact__icon -->\r\n            <h3 class=\"service-sidebar__contact__time\">ALO BARI\u015e<\/h3><h3 class=\"service-sidebar__contact__number\"><a href=\"tel:+905535784761\">05535784761<\/a><\/h3>        <\/div><!-- \/.service-sidebar__contact__content -->\r\n    <\/div><!-- \/.service-sidebar__contact -->\r\n\t\t\t\t<\/div>\n\t\t\t\t<\/div>\n\t\t\t\t<div class=\"elementor-element elementor-element-09fdb1b elementor-widget elementor-widget-sidebar-download\" data-id=\"09fdb1b\" data-element_type=\"widget\" data-e-type=\"widget\" data-widget_type=\"sidebar-download.default\">\n\t\t\t\t<div class=\"elementor-widget-container\">\n\t\t\t\t\t    <div class=\"service-sidebar__single wow fadeInRight\" data-wow-duration=\"1500ms\" data-wow-delay=\"100ms\">\r\n                    <div class=\"service-sidebar__company\">\r\n                <a href=\"http:\/\/www.barissihhitesisat.com\/\" class=\"service-sidebar__company__btn\">\r\n                    <i aria-hidden=\"true\" class=\"icon-download\"><\/i>                <\/a><!-- \/.service-sidebar__company__btn -->\r\n                <h4 class=\"service-sidebar__company__title\">\r\n                    Kampanyalar\u0131m\u0131z                <\/h4><!-- \/.service-sidebar__company__title -->\r\n            <\/div><!-- \/.service-sidebar__company -->\r\n                    <div class=\"service-sidebar__company\">\r\n                <a href=\"http:\/\/www.barissihhitesisat.com\" class=\"service-sidebar__company__btn\">\r\n                    <i aria-hidden=\"true\" class=\"icon-download\"><\/i>                <\/a><!-- \/.service-sidebar__company__btn -->\r\n                <h4 class=\"service-sidebar__company__title\">\r\n                    El Bro\u015f\u00fcr\u00fc                <\/h4><!-- \/.service-sidebar__company__title -->\r\n            <\/div><!-- \/.service-sidebar__company -->\r\n            <\/div><!-- \/.service-sidebar__single -->\r\n\t\t\t\t<\/div>\n\t\t\t\t<\/div>\n\t\t\t\t<\/div>\n\t\t\t\t\t<\/div>\n\t\t\t\t<\/div>\n\t\t\t\t<\/div>\n\t\t","protected":false},"excerpt":{"rendered":"<p>Daha Az Yak\u0131tla Daha Fazla Is\u0131nmak M\u00fcmk\u00fcn! Zamanla peteklerin i\u00e7inde biriken tortu, kire\u00e7 ve \u00e7amur benzeri maddeler; \u0131s\u0131nma performans\u0131n\u0131 d\u00fc\u015f\u00fcr\u00fcr, kombinizin daha fazla \u00e7al\u0131\u015fmas\u0131na ve y\u00fcksek do\u011falgaz faturalar\u0131na neden olur.Bar\u0131\u015f S\u0131hhi Tesisat olarak, geli\u015fmi\u015f makinelerle kimyasall\u0131 veya kimyasals\u0131z petek temizli\u011fi yap\u0131yor, hem konforunuzu art\u0131r\u0131yor hem tasarruf etmenizi sa\u011fl\u0131yoruz. Petek Temizli\u011fi Ne \u0130\u015fe Yarar? Peteklerin \u00fcst\u00fc [&hellip;]<\/p>\n","protected":false},"author":1,"featured_media":0,"parent":0,"menu_order":0,"comment_status":"closed","ping_status":"closed","template":"elementor_header_footer","meta":{"footnotes":""},"class_list":["post-215","page","type-page","status-publish","hentry"],"_links":{"self":[{"href":"https:\/\/www.barissihhitesisat.com\/index.php\/wp-json\/wp\/v2\/pages\/215","targetHints":{"allow":["GET"]}}],"collection":[{"href":"https:\/\/www.barissihhitesisat.com\/index.php\/wp-json\/wp\/v2\/pages"}],"about":[{"href":"https:\/\/www.barissihhitesisat.com\/index.php\/wp-json\/wp\/v2\/types\/page"}],"author":[{"embeddable":true,"href":"https:\/\/www.barissihhitesisat.com\/index.php\/wp-json\/wp\/v2\/users\/1"}],"replies":[{"embeddable":true,"href":"https:\/\/www.barissihhitesisat.com\/index.php\/wp-json\/wp\/v2\/comments?post=215"}],"version-history":[{"count":11,"href":"https:\/\/www.barissihhitesisat.com\/index.php\/wp-json\/wp\/v2\/pages\/215\/revisions"}],"predecessor-version":[{"id":3972,"href":"https:\/\/www.barissihhitesisat.com\/index.php\/wp-json\/wp\/v2\/pages\/215\/revisions\/3972"}],"wp:attachment":[{"href":"https:\/\/www.barissihhitesisat.com\/index.php\/wp-json\/wp\/v2\/media?parent=215"}],"curies":[{"name":"wp","href":"https:\/\/api.w.org\/{rel}","templated":true}]}}