{"id":221,"date":"2024-04-06T12:49:53","date_gmt":"2024-04-06T12:49:53","guid":{"rendered":"http:\/\/ploming-demo.local\/?page_id=221"},"modified":"2025-09-02T16:41:45","modified_gmt":"2025-09-02T16:41:45","slug":"kamerali-ariza-tespiti","status":"publish","type":"page","link":"https:\/\/www.barissihhitesisat.com\/index.php\/kamerali-ariza-tespiti\/","title":{"rendered":"Kameral\u0131 Ar\u0131za Tespiti"},"content":{"rendered":"\t\t<div data-elementor-type=\"wp-page\" data-elementor-id=\"221\" class=\"elementor elementor-221\" data-elementor-post-type=\"page\">\n\t\t\t\t<div class=\"elementor-element elementor-element-3b7edb84 e-flex e-con-boxed e-con e-parent\" data-id=\"3b7edb84\" data-element_type=\"container\" data-e-type=\"container\">\n\t\t\t\t\t<div class=\"e-con-inner\">\n\t\t<div class=\"elementor-element elementor-element-71e22bfb e-con-full e-flex e-con e-child\" data-id=\"71e22bfb\" data-element_type=\"container\" data-e-type=\"container\">\n\t\t\t\t<div class=\"elementor-element elementor-element-5aaeeba2 elementor-widget elementor-widget-image\" data-id=\"5aaeeba2\" data-element_type=\"widget\" data-e-type=\"widget\" data-widget_type=\"image.default\">\n\t\t\t\t\t\t\t\t\t\t\t\t\t\t\t<img fetchpriority=\"high\" decoding=\"async\" width=\"2560\" height=\"1709\" src=\"https:\/\/www.barissihhitesisat.com\/wp-content\/uploads\/2025\/09\/woman-giving-plastic-pipe-to-plumber-2025-02-11-12-57-43-utc-scaled.jpg\" class=\"attachment-full size-full wp-image-3914\" alt=\"\" srcset=\"https:\/\/www.barissihhitesisat.com\/wp-content\/uploads\/2025\/09\/woman-giving-plastic-pipe-to-plumber-2025-02-11-12-57-43-utc-scaled.jpg 2560w, https:\/\/www.barissihhitesisat.com\/wp-content\/uploads\/2025\/09\/woman-giving-plastic-pipe-to-plumber-2025-02-11-12-57-43-utc-300x200.jpg 300w, https:\/\/www.barissihhitesisat.com\/wp-content\/uploads\/2025\/09\/woman-giving-plastic-pipe-to-plumber-2025-02-11-12-57-43-utc-1024x683.jpg 1024w, https:\/\/www.barissihhitesisat.com\/wp-content\/uploads\/2025\/09\/woman-giving-plastic-pipe-to-plumber-2025-02-11-12-57-43-utc-768x513.jpg 768w, https:\/\/www.barissihhitesisat.com\/wp-content\/uploads\/2025\/09\/woman-giving-plastic-pipe-to-plumber-2025-02-11-12-57-43-utc-1536x1025.jpg 1536w, https:\/\/www.barissihhitesisat.com\/wp-content\/uploads\/2025\/09\/woman-giving-plastic-pipe-to-plumber-2025-02-11-12-57-43-utc-2048x1367.jpg 2048w, https:\/\/www.barissihhitesisat.com\/wp-content\/uploads\/2025\/09\/woman-giving-plastic-pipe-to-plumber-2025-02-11-12-57-43-utc-570x380.jpg 570w\" sizes=\"(max-width: 2560px) 100vw, 2560px\" \/>\t\t\t\t\t\t\t\t\t\t\t\t\t\t\t<\/div>\n\t\t\t\t<div class=\"elementor-element elementor-element-22df0313 elementor-widget elementor-widget-heading\" data-id=\"22df0313\" data-element_type=\"widget\" data-e-type=\"widget\" data-widget_type=\"heading.default\">\n\t\t\t\t\t<h3 class=\"elementor-heading-title elementor-size-default\">Kameral\u0131 Ar\u0131za Tespiti<\/h3>\t\t\t\t<\/div>\n\t\t\t\t<div class=\"elementor-element elementor-element-10b7d40 elementor-widget elementor-widget-text-editor\" data-id=\"10b7d40\" data-element_type=\"widget\" data-e-type=\"widget\" data-widget_type=\"text-editor.default\">\n\t\t\t\t\t\t\t\t\t<h3 data-start=\"330\" data-end=\"373\">G\u00f6r\u00fcnmeyen Sorunlara Nokta At\u0131\u015f\u0131 \u00c7\u00f6z\u00fcm!<\/h3><p data-start=\"375\" data-end=\"715\">Evinizde ya da i\u015f yerinizde zaman zaman kar\u015f\u0131la\u015ft\u0131\u011f\u0131n\u0131z <strong data-start=\"431\" data-end=\"447\">su s\u0131z\u0131nt\u0131s\u0131<\/strong>, <strong data-start=\"449\" data-end=\"470\">gider t\u0131kan\u0131kl\u0131\u011f\u0131<\/strong>, <strong data-start=\"472\" data-end=\"492\">koku problemleri<\/strong> ya da <strong data-start=\"499\" data-end=\"514\">\u0131slak zemin<\/strong> gibi sorunlar\u0131n kayna\u011f\u0131n\u0131 bulmak, art\u0131k tahmine dayal\u0131 de\u011fil.<br data-start=\"576\" data-end=\"579\" \/><strong data-start=\"579\" data-end=\"602\">Bar\u0131\u015f S\u0131hhi Tesisat<\/strong>, geli\u015fmi\u015f <strong data-start=\"613\" data-end=\"652\">kameral\u0131 ar\u0131za tespiti cihazlar\u0131yla<\/strong> sorunun yerini k\u0131rmadan, d\u00f6kmeden net bir \u015fekilde tespit eder!<\/p>\t\t\t\t\t\t\t\t<\/div>\n\t\t\t\t<div class=\"elementor-element elementor-element-e354620 elementor-widget elementor-widget-heading\" data-id=\"e354620\" data-element_type=\"widget\" data-e-type=\"widget\" data-widget_type=\"heading.default\">\n\t\t\t\t\t<h3 class=\"elementor-heading-title elementor-size-default\">Kameral\u0131 Ar\u0131za Tespiti Nedir?<\/h3>\t\t\t\t<\/div>\n\t\t\t\t<div class=\"elementor-element elementor-element-1ef46acb elementor-widget elementor-widget-text-editor\" data-id=\"1ef46acb\" data-element_type=\"widget\" data-e-type=\"widget\" data-widget_type=\"text-editor.default\">\n\t\t\t\t\t\t\t\t\t<p data-start=\"760\" data-end=\"1061\">Kameral\u0131 ar\u0131za tespiti, borular\u0131n ve gider hatlar\u0131n\u0131n i\u00e7ini \u00f6zel sistemlerle g\u00f6r\u00fcnt\u00fcleyerek, su ka\u00e7a\u011f\u0131, k\u0131r\u0131k, \u00e7atlak, e\u011fim bozuklu\u011fu veya t\u0131kan\u0131kl\u0131k gibi sorunlar\u0131n <strong data-start=\"926\" data-end=\"948\">do\u011frudan kayna\u011f\u0131n\u0131<\/strong> bulmam\u0131z\u0131 sa\u011flayan profesyonel bir y\u00f6ntemdir.Geleneksel y\u00f6ntemlere g\u00f6re \u00e7ok daha h\u0131zl\u0131, temiz ve ekonomiktir.<\/p>\t\t\t\t\t\t\t\t<\/div>\n\t\t\t\t<div class=\"elementor-element elementor-element-5b45a28f elementor-widget elementor-widget-ploming-check-list\" data-id=\"5b45a28f\" data-element_type=\"widget\" data-e-type=\"widget\" data-widget_type=\"ploming-check-list.default\">\n\t\t\t\t<div class=\"elementor-widget-container\">\n\t\t\t\t\t    <!-- Certificate -->\r\n    <ul class=\"service-details__list wow fadeInUp\" data-wow-delay=\"00ms\" data-wow-duration=\"1500ms\">\r\n                    <li>\r\n                <span class=\"service-details__list__icon\">\r\n                    <i aria-hidden=\"true\" class=\"icon-check-box\"><\/i>                <\/span><!-- \/.service-details__list__icon -->\r\n                Temiz su borular\u0131ndaki gizli su ka\u00e7aklar\u0131            <\/li>\r\n                    <li>\r\n                <span class=\"service-details__list__icon\">\r\n                    <i aria-hidden=\"true\" class=\"icon-check-box\"><\/i>                <\/span><!-- \/.service-details__list__icon -->\r\n                Gider borular\u0131ndaki t\u0131kan\u0131kl\u0131k noktalar\u0131            <\/li>\r\n                    <li>\r\n                <span class=\"service-details__list__icon\">\r\n                    <i aria-hidden=\"true\" class=\"icon-check-box\"><\/i>                <\/span><!-- \/.service-details__list__icon -->\r\n                Kanalizasyon sistemindeki \u00e7atlaklar ve \u00e7\u00f6kmeler            <\/li>\r\n                    <li>\r\n                <span class=\"service-details__list__icon\">\r\n                    <i aria-hidden=\"true\" class=\"icon-check-box\"><\/i>                <\/span><!-- \/.service-details__list__icon -->\r\n                Logar hatt\u0131ndaki y\u00f6n kaymalar\u0131            <\/li>\r\n                    <li>\r\n                <span class=\"service-details__list__icon\">\r\n                    <i aria-hidden=\"true\" class=\"icon-check-box\"><\/i>                <\/span><!-- \/.service-details__list__icon -->\r\n                Gider e\u011fimi bozukluklar\u0131            <\/li>\r\n            <\/ul><!-- \/.service-details__list -->\r\n\t\t\t\t<\/div>\n\t\t\t\t<\/div>\n\t\t<div class=\"elementor-element elementor-element-4dbb98c6 e-con-full e-flex e-con e-child\" data-id=\"4dbb98c6\" data-element_type=\"container\" data-e-type=\"container\">\n\t\t<div class=\"elementor-element elementor-element-6ad3e4ad e-con-full e-flex e-con e-child\" data-id=\"6ad3e4ad\" data-element_type=\"container\" data-e-type=\"container\">\n\t\t\t\t<div class=\"elementor-element elementor-element-7971463b elementor-widget elementor-widget-image\" data-id=\"7971463b\" data-element_type=\"widget\" data-e-type=\"widget\" data-widget_type=\"image.default\">\n\t\t\t\t\t\t\t\t\t\t\t\t\t\t\t<img decoding=\"async\" width=\"770\" height=\"350\" src=\"https:\/\/www.barissihhitesisat.com\/wp-content\/uploads\/2024\/04\/service-d-1-2.jpg\" class=\"attachment-full size-full wp-image-1987\" alt=\"\" srcset=\"https:\/\/www.barissihhitesisat.com\/wp-content\/uploads\/2024\/04\/service-d-1-2.jpg 770w, https:\/\/www.barissihhitesisat.com\/wp-content\/uploads\/2024\/04\/service-d-1-2-570x259.jpg 570w, https:\/\/www.barissihhitesisat.com\/wp-content\/uploads\/2024\/04\/service-d-1-2-300x136.jpg 300w, https:\/\/www.barissihhitesisat.com\/wp-content\/uploads\/2024\/04\/service-d-1-2-768x349.jpg 768w\" sizes=\"(max-width: 770px) 100vw, 770px\" \/>\t\t\t\t\t\t\t\t\t\t\t\t\t\t\t<\/div>\n\t\t\t\t<\/div>\n\t\t<div class=\"elementor-element elementor-element-4848b505 e-con-full e-flex e-con e-child\" data-id=\"4848b505\" data-element_type=\"container\" data-e-type=\"container\">\n\t\t\t\t<div class=\"elementor-element elementor-element-2e8582ff elementor-widget elementor-widget-image\" data-id=\"2e8582ff\" data-element_type=\"widget\" data-e-type=\"widget\" data-widget_type=\"image.default\">\n\t\t\t\t\t\t\t\t\t\t\t\t\t\t\t<img decoding=\"async\" width=\"770\" height=\"350\" src=\"https:\/\/www.barissihhitesisat.com\/wp-content\/uploads\/2024\/04\/service-d-1-3.jpg\" class=\"attachment-full size-full wp-image-1988\" alt=\"\" srcset=\"https:\/\/www.barissihhitesisat.com\/wp-content\/uploads\/2024\/04\/service-d-1-3.jpg 770w, https:\/\/www.barissihhitesisat.com\/wp-content\/uploads\/2024\/04\/service-d-1-3-570x259.jpg 570w, https:\/\/www.barissihhitesisat.com\/wp-content\/uploads\/2024\/04\/service-d-1-3-300x136.jpg 300w, https:\/\/www.barissihhitesisat.com\/wp-content\/uploads\/2024\/04\/service-d-1-3-768x349.jpg 768w\" sizes=\"(max-width: 770px) 100vw, 770px\" \/>\t\t\t\t\t\t\t\t\t\t\t\t\t\t\t<\/div>\n\t\t\t\t<\/div>\n\t\t\t\t<\/div>\n\t\t\t\t<div class=\"elementor-element elementor-element-649691a1 elementor-widget elementor-widget-ploming-faq\" data-id=\"649691a1\" data-element_type=\"widget\" data-e-type=\"widget\" data-widget_type=\"ploming-faq.default\">\n\t\t\t\t<div class=\"elementor-widget-container\">\n\t\t\t\t\t    <!-- Faq Four Start -->\r\n    <div class=\"service-details__faq\">\r\n                <div class=\"faq-accordion ploming-accordion\" data-grp-name=\"ploming-accordion\">\r\n                            <div class=\"accordion active wow fadeInUp\" data-wow-duration=\"1500ms\" data-wow-delay=\"00ms\">\r\n                    <div class=\"accordion-title\">\r\n                        <h4>\r\n                            Hangi B\u00f6lgelerde Hizmet Veriyoruz?                            <span class=\"accordion-title__icon\"><\/span><!-- \/.accordion-title__icon -->\r\n                        <\/h4>\r\n                    <\/div><!-- \/.accordion-title -->\r\n                    <div class=\"accordion-content\">\r\n                        <div class=\"inner\">\r\n                            <p>\u00d6demi\u015f\n\nTire\n\nBay\u0131nd\u0131r\n\nKiraz\n\nBeyda\u011f\n\nKu\u015fadas\u0131\nve \u00e7evresine h\u0131zl\u0131 ve garantili servis sa\u011fl\u0131yoruz.<\/p>\r\n                        <\/div><!-- \/.inner -->\r\n                    <\/div><!-- \/.accordion-content -->\r\n                <\/div><!-- \/.accordion-item -->\r\n                            <div class=\"accordion  wow fadeInUp\" data-wow-duration=\"1500ms\" data-wow-delay=\"00ms\">\r\n                    <div class=\"accordion-title\">\r\n                        <h4>\r\n                            Neden Kameral\u0131 Sistem Tercih Edilmeli?                            <span class=\"accordion-title__icon\"><\/span><!-- \/.accordion-title__icon -->\r\n                        <\/h4>\r\n                    <\/div><!-- \/.accordion-title -->\r\n                    <div class=\"accordion-content\">\r\n                        <div class=\"inner\">\r\n                            <p>\u2714\ufe0f Tahmine dayal\u0131 de\u011fil, net sonu\u00e7\n\u2714\ufe0f K\u0131rma-d\u00f6kme i\u015flemi olmadan tespit\n\u2714\ufe0f Zaman ve maliyet tasarrufu\n\u2714\ufe0f Soruna \u00f6zel, nokta at\u0131\u015f\u0131 \u00e7\u00f6z\u00fcm<\/p>\r\n                        <\/div><!-- \/.inner -->\r\n                    <\/div><!-- \/.accordion-content -->\r\n                <\/div><!-- \/.accordion-item -->\r\n                            <div class=\"accordion  wow fadeInUp\" data-wow-duration=\"1500ms\" data-wow-delay=\"00ms\">\r\n                    <div class=\"accordion-title\">\r\n                        <h4>\r\n                            Hemen Bize Ula\u015f\u0131n                            <span class=\"accordion-title__icon\"><\/span><!-- \/.accordion-title__icon -->\r\n                        <\/h4>\r\n                    <\/div><!-- \/.accordion-title -->\r\n                    <div class=\"accordion-content\">\r\n                        <div class=\"inner\">\r\n                            <p>Su s\u0131z\u0131nt\u0131s\u0131 ya da gider problemleri can\u0131n\u0131z\u0131 s\u0131kmas\u0131n!\nKameral\u0131 ar\u0131za tespiti ile evinize veya i\u015f yerinize zarar vermeden, problemi k\u00f6k\u00fcnden \u00e7\u00f6zelim.<\/p>\r\n                        <\/div><!-- \/.inner -->\r\n                    <\/div><!-- \/.accordion-content -->\r\n                <\/div><!-- \/.accordion-item -->\r\n                    <\/div><!-- \/.faq-accordion -->\r\n    <\/div><!-- \/.service-details__faq -->\r\n    <!-- Faq Four End -->\r\n\r\n\t\t\t\t<\/div>\n\t\t\t\t<\/div>\n\t\t\t\t<\/div>\n\t\t<div class=\"elementor-element elementor-element-589ebbf8 e-con-full service-sidebar e-flex e-con e-child\" data-id=\"589ebbf8\" data-element_type=\"container\" data-e-type=\"container\">\n\t\t\t\t<div class=\"elementor-element elementor-element-17a03cd0 elementor-widget elementor-widget-sidebar-nav\" data-id=\"17a03cd0\" data-element_type=\"widget\" data-e-type=\"widget\" data-widget_type=\"sidebar-nav.default\">\n\t\t\t\t<div class=\"elementor-widget-container\">\n\t\t\t\t\t\r\n    <div class=\"service-sidebar__single wow fadeInRight\" data-wow-duration=\"1500ms\" data-wow-delay=\"00ms\">\r\n                    <ul id=\"menu-service-sidebar-menu\" class=\"list-unstyled service-sidebar__nav ml-0\"><li id=\"menu-item-2029\" class=\"menu-item menu-item-type-post_type menu-item-object-page menu-item-2029\"><a href=\"https:\/\/www.barissihhitesisat.com\/index.php\/kanalizasyonacma\/\">Kanalizasyon A\u00e7ma<\/a><\/li>\n<li id=\"menu-item-2030\" class=\"menu-item menu-item-type-post_type menu-item-object-page menu-item-2030\"><a href=\"https:\/\/www.barissihhitesisat.com\/index.php\/beton-delme-hizmeti\/\">Beton Delme Hizmeti<\/a><\/li>\n<li id=\"menu-item-2031\" class=\"menu-item menu-item-type-post_type menu-item-object-page menu-item-2031\"><a href=\"https:\/\/www.barissihhitesisat.com\/index.php\/tikaniklik-acma-hizmeti\/\">T\u0131kan\u0131kl\u0131k A\u00e7ma Hizmeti<\/a><\/li>\n<li id=\"menu-item-2033\" class=\"menu-item menu-item-type-post_type menu-item-object-page menu-item-2033\"><a href=\"https:\/\/www.barissihhitesisat.com\/index.php\/kamerali-ariza-tespiti\/\">Kameral\u0131 Ar\u0131za Tespiti<\/a><\/li>\n<li id=\"menu-item-2028\" class=\"menu-item menu-item-type-post_type menu-item-object-page menu-item-2028\"><a href=\"https:\/\/www.barissihhitesisat.com\/index.php\/petek-temizleme\/\">Petek Temizleme<\/a><\/li>\n<\/ul>            <\/div><!-- \/.service-sidebar__single -->\r\n\r\n\t\t\t\t<\/div>\n\t\t\t\t<\/div>\n\t\t\t\t<div class=\"elementor-element elementor-element-c5cc72c elementor-widget elementor-widget-ploming-sidebar-call-to-action\" data-id=\"c5cc72c\" data-element_type=\"widget\" data-e-type=\"widget\" data-widget_type=\"ploming-sidebar-call-to-action.default\">\n\t\t\t\t<div class=\"elementor-widget-container\">\n\t\t\t\t\t\r\n    <div class=\"service-sidebar__contact\" style=\"background-image: url(http:\/\/www.barissihhitesisat.com\/wp-content\/uploads\/2024\/04\/service-contact-bg-1.jpg);\">\r\n        <div class=\"service-sidebar__contact__content\">\r\n            <div class=\"service-sidebar__contact__icon\">\r\n                <i aria-hidden=\"true\" class=\"icon-telephone\"><\/i>            <\/div><!-- \/.service-sidebar__contact__icon -->\r\n            <h3 class=\"service-sidebar__contact__time\">ALO BARI\u015e<\/h3><h3 class=\"service-sidebar__contact__number\"><a href=\"tel:+905535784761\">05535784761<\/a><\/h3>        <\/div><!-- \/.service-sidebar__contact__content -->\r\n    <\/div><!-- \/.service-sidebar__contact -->\r\n\t\t\t\t<\/div>\n\t\t\t\t<\/div>\n\t\t\t\t<div class=\"elementor-element elementor-element-6467bbe elementor-widget elementor-widget-sidebar-download\" data-id=\"6467bbe\" data-element_type=\"widget\" data-e-type=\"widget\" data-widget_type=\"sidebar-download.default\">\n\t\t\t\t<div class=\"elementor-widget-container\">\n\t\t\t\t\t    <div class=\"service-sidebar__single wow fadeInRight\" data-wow-duration=\"1500ms\" data-wow-delay=\"100ms\">\r\n                    <div class=\"service-sidebar__company\">\r\n                <a href=\"http:\/\/www.barissihhitesisat.com\/\" class=\"service-sidebar__company__btn\">\r\n                    <i aria-hidden=\"true\" class=\"icon-download\"><\/i>                <\/a><!-- \/.service-sidebar__company__btn -->\r\n                <h4 class=\"service-sidebar__company__title\">\r\n                    Kampanyalar\u0131m\u0131z                <\/h4><!-- \/.service-sidebar__company__title -->\r\n            <\/div><!-- \/.service-sidebar__company -->\r\n                    <div class=\"service-sidebar__company\">\r\n                <a href=\"http:\/\/www.barissihhitesisat.com\" class=\"service-sidebar__company__btn\">\r\n                    <i aria-hidden=\"true\" class=\"icon-download\"><\/i>                <\/a><!-- \/.service-sidebar__company__btn -->\r\n                <h4 class=\"service-sidebar__company__title\">\r\n                    El Bro\u015f\u00fcr\u00fc                <\/h4><!-- \/.service-sidebar__company__title -->\r\n            <\/div><!-- \/.service-sidebar__company -->\r\n            <\/div><!-- \/.service-sidebar__single -->\r\n\t\t\t\t<\/div>\n\t\t\t\t<\/div>\n\t\t\t\t<\/div>\n\t\t\t\t\t<\/div>\n\t\t\t\t<\/div>\n\t\t\t\t<\/div>\n\t\t","protected":false},"excerpt":{"rendered":"<p>Kameral\u0131 Ar\u0131za Tespiti G\u00f6r\u00fcnmeyen Sorunlara Nokta At\u0131\u015f\u0131 \u00c7\u00f6z\u00fcm! Evinizde ya da i\u015f yerinizde zaman zaman kar\u015f\u0131la\u015ft\u0131\u011f\u0131n\u0131z su s\u0131z\u0131nt\u0131s\u0131, gider t\u0131kan\u0131kl\u0131\u011f\u0131, koku problemleri ya da \u0131slak zemin gibi sorunlar\u0131n kayna\u011f\u0131n\u0131 bulmak, art\u0131k tahmine dayal\u0131 de\u011fil.Bar\u0131\u015f S\u0131hhi Tesisat, geli\u015fmi\u015f kameral\u0131 ar\u0131za tespiti cihazlar\u0131yla sorunun yerini k\u0131rmadan, d\u00f6kmeden net bir \u015fekilde tespit eder! Kameral\u0131 Ar\u0131za Tespiti Nedir? Kameral\u0131 [&hellip;]<\/p>\n","protected":false},"author":1,"featured_media":0,"parent":0,"menu_order":0,"comment_status":"closed","ping_status":"closed","template":"elementor_header_footer","meta":{"footnotes":""},"class_list":["post-221","page","type-page","status-publish","hentry"],"_links":{"self":[{"href":"https:\/\/www.barissihhitesisat.com\/index.php\/wp-json\/wp\/v2\/pages\/221","targetHints":{"allow":["GET"]}}],"collection":[{"href":"https:\/\/www.barissihhitesisat.com\/index.php\/wp-json\/wp\/v2\/pages"}],"about":[{"href":"https:\/\/www.barissihhitesisat.com\/index.php\/wp-json\/wp\/v2\/types\/page"}],"author":[{"embeddable":true,"href":"https:\/\/www.barissihhitesisat.com\/index.php\/wp-json\/wp\/v2\/users\/1"}],"replies":[{"embeddable":true,"href":"https:\/\/www.barissihhitesisat.com\/index.php\/wp-json\/wp\/v2\/comments?post=221"}],"version-history":[{"count":11,"href":"https:\/\/www.barissihhitesisat.com\/index.php\/wp-json\/wp\/v2\/pages\/221\/revisions"}],"predecessor-version":[{"id":3917,"href":"https:\/\/www.barissihhitesisat.com\/index.php\/wp-json\/wp\/v2\/pages\/221\/revisions\/3917"}],"wp:attachment":[{"href":"https:\/\/www.barissihhitesisat.com\/index.php\/wp-json\/wp\/v2\/media?parent=221"}],"curies":[{"name":"wp","href":"https:\/\/api.w.org\/{rel}","templated":true}]}}